{"id":241,"date":"2018-08-15T06:26:42","date_gmt":"2018-08-15T03:26:42","guid":{"rendered":"https:\/\/test.brokolidijital.com.tr\/blog\/"},"modified":"2025-06-09T14:56:41","modified_gmt":"2025-06-09T11:56:41","slug":"blog","status":"publish","type":"page","link":"https:\/\/test.brokolidijital.com.tr\/en\/blog\/","title":{"rendered":"B\u00dcLTEN"},"content":{"rendered":"<div data-elementor-type=\"wp-post\" data-elementor-id=\"241\" class=\"elementor elementor-241\" data-elementor-post-type=\"page\">\n\t\t\t\t<div class=\"aux-parallax-section elementor-element elementor-element-ef12361 e-flex e-con-boxed e-con e-parent\" data-id=\"ef12361\" data-element_type=\"container\">\n\t\t\t\t\t<div class=\"e-con-inner\">\n\t\t<div class=\"elementor-element elementor-element-cdd179a aux-appear-watch-animation aux-fade-in-up e-con-full e-flex e-con e-child\" data-id=\"cdd179a\" data-element_type=\"container\">\n\t\t\t\t<div class=\"elementor-element elementor-element-6a2c2a9 elementor-widget elementor-widget-aux_recent_posts\" data-id=\"6a2c2a9\" data-element_type=\"widget\" data-settings=\"{&quot;columns&quot;:&quot;2&quot;,&quot;columns_tablet&quot;:&quot;1&quot;,&quot;columns_mobile&quot;:&quot;1&quot;}\" data-widget_type=\"aux_recent_posts.default\">\n\t\t\t\t<div class=\"elementor-widget-container\">\n\t\t\t\t\t<section class=\"widget-container aux-widget-recent-posts aux-parent-auf3a8a892\"><div data-element-id=\"auf3a8a892\" class=\"aux-match-height aux-row aux-de-col2 aux-tb-col1 aux-mb-col1 aux-total-6 aux-grid-carousel-modern-layout aux-ajax-view\"><div class=\"aux-col post-256\">\n                        <article class=\"post column-entry post-256 type-post status-publish format-standard has-post-thumbnail hentry category-business category-uncategorized\">\n                                                        <div class=\"entry-media\"><div class=\"aux-media-frame aux-media-image aux-image-mask\"><a href=\"https:\/\/test.brokolidijital.com.tr\/en\/kapalicarsi\/\"><img fetchpriority=\"high\" decoding=\"async\" width=\"970\" height=\"727\" src=\"data:image\/gif;base64,R0lGODlhAQABAIAAAAAAAP\/\/\/yH5BAEAAAAALAAAAAABAAEAAAIBRAA7\" class=\"aux-attachment aux-featured-image attachment-970x727.5 aux-attachment-id-607  aux-preload aux-blank\" alt=\"kapalicarsinin-en-harbi-lezzet-mekanlari-doner-bank-kapalicarsi\" data-ratio=\"1.33\" data-original-w=\"1000\" sizes=\"auto\" data-srcset=\"https:\/\/test.brokolidijital.com.tr\/wp-content\/uploads\/2018\/05\/kapalicarsinin-en-harbi-lezzet-mekanlari-doner-bank-kapalicarsi-150x113.jpg 150w,https:\/\/test.brokolidijital.com.tr\/wp-content\/uploads\/2018\/05\/kapalicarsinin-en-harbi-lezzet-mekanlari-doner-bank-kapalicarsi-300x225.jpg 300w,https:\/\/test.brokolidijital.com.tr\/wp-content\/uploads\/2018\/05\/kapalicarsinin-en-harbi-lezzet-mekanlari-doner-bank-kapalicarsi-768x576.jpg 768w,https:\/\/test.brokolidijital.com.tr\/wp-content\/uploads\/2018\/05\/kapalicarsinin-en-harbi-lezzet-mekanlari-doner-bank-kapalicarsi-970x728.jpg 970w,https:\/\/test.brokolidijital.com.tr\/wp-content\/uploads\/2018\/05\/kapalicarsinin-en-harbi-lezzet-mekanlari-doner-bank-kapalicarsi-990x742.jpg 990w\" data-src=\"https:\/\/test.brokolidijital.com.tr\/wp-content\/uploads\/2018\/05\/kapalicarsinin-en-harbi-lezzet-mekanlari-doner-bank-kapalicarsi-970x728.jpg\" \/><\/a><\/div><\/div>\n                            \n                            <div class=\"entry-main\">\n                                                        \n                                <header class=\"entry-header\">\n                                \n                                    <h4 class=\"entry-title\">\n                                        <a href=\"https:\/\/test.brokolidijital.com.tr\/en\/kapalicarsi\/\">\n                                            Kapal\u0131\u00e7ar\u015f\u0131\u2019n\u0131n En Harbi Lezzet Mekanlar\u0131                                        <\/a>\n                                    <\/h4>\n                                                                    <div class=\"entry-format\">\n                                        <a href=\"https:\/\/test.brokolidijital.com.tr\/en\/kapalicarsi\/\">\n                                            <div class=\"post-format format-\"> <\/div>\n                                        <\/a>\n                                    <\/div>\n                                <\/header>\n                            \n                                                                                        <footer class=\"entry-meta aux-after-content\">\n                                                                        <div class=\"readmore\">\n                                        <a href=\"https:\/\/test.brokolidijital.com.tr\/en\/kapalicarsi\/\" class=\"aux-read-more\"><span class=\"aux-read-more-text\">Read More<\/span><\/a>\n                                    <\/div>\n                                                                    <\/footer>\n                            \n                            <\/div>\n\n                        <\/article>\n<\/div><div class=\"aux-col post-255\">\n                        <article class=\"post column-entry post-255 type-post status-publish format-standard has-post-thumbnail hentry category-business category-uncategorized\">\n                                                        <div class=\"entry-media\"><div class=\"aux-media-frame aux-media-image aux-image-mask\"><a href=\"https:\/\/test.brokolidijital.com.tr\/en\/tarihi-yarimada\/\"><img decoding=\"async\" width=\"970\" height=\"727\" src=\"data:image\/gif;base64,R0lGODlhAQABAIAAAAAAAP\/\/\/yH5BAEAAAAALAAAAAABAAEAAAIBRAA7\" class=\"aux-attachment aux-featured-image attachment-970x727.5 aux-attachment-id-943  aux-preload aux-blank\" alt=\"db2\" data-ratio=\"1.33\" data-original-w=\"2560\" sizes=\"auto\" data-srcset=\"https:\/\/test.brokolidijital.com.tr\/wp-content\/uploads\/2018\/05\/db2-1-scaled-150x113.jpg 150w,https:\/\/test.brokolidijital.com.tr\/wp-content\/uploads\/2018\/05\/db2-1-scaled-300x225.jpg 300w,https:\/\/test.brokolidijital.com.tr\/wp-content\/uploads\/2018\/05\/db2-1-scaled-768x576.jpg 768w,https:\/\/test.brokolidijital.com.tr\/wp-content\/uploads\/2018\/05\/db2-1-scaled-1024x768.jpg 1024w,https:\/\/test.brokolidijital.com.tr\/wp-content\/uploads\/2018\/05\/db2-1-scaled-970x728.jpg 970w,https:\/\/test.brokolidijital.com.tr\/wp-content\/uploads\/2018\/05\/db2-1-scaled-2550x1912.jpg 2550w\" data-src=\"https:\/\/test.brokolidijital.com.tr\/wp-content\/uploads\/2018\/05\/db2-1-scaled-970x728.jpg\" \/><\/a><\/div><\/div>\n                            \n                            <div class=\"entry-main\">\n                                                        \n                                <header class=\"entry-header\">\n                                \n                                    <h4 class=\"entry-title\">\n                                        <a href=\"https:\/\/test.brokolidijital.com.tr\/en\/tarihi-yarimada\/\">\n                                            Tarihi Yar\u0131mada Lezzetleri                                        <\/a>\n                                    <\/h4>\n                                                                    <div class=\"entry-format\">\n                                        <a href=\"https:\/\/test.brokolidijital.com.tr\/en\/tarihi-yarimada\/\">\n                                            <div class=\"post-format format-\"> <\/div>\n                                        <\/a>\n                                    <\/div>\n                                <\/header>\n                            \n                                                                                        <footer class=\"entry-meta aux-after-content\">\n                                                                        <div class=\"readmore\">\n                                        <a href=\"https:\/\/test.brokolidijital.com.tr\/en\/tarihi-yarimada\/\" class=\"aux-read-more\"><span class=\"aux-read-more-text\">Read More<\/span><\/a>\n                                    <\/div>\n                                                                    <\/footer>\n                            \n                            <\/div>\n\n                        <\/article>\n<\/div><div class=\"aux-col post-254\">\n                        <article class=\"post column-entry post-254 type-post status-publish format-standard has-post-thumbnail hentry category-business category-uncategorized\">\n                                                        <div class=\"entry-media\"><div class=\"aux-media-frame aux-media-image aux-image-mask\"><a href=\"https:\/\/test.brokolidijital.com.tr\/en\/streed-food\/\"><img decoding=\"async\" width=\"970\" height=\"715\" src=\"data:image\/gif;base64,R0lGODlhAQABAIAAAAAAAP\/\/\/yH5BAEAAAAALAAAAAABAAEAAAIBRAA7\" class=\"aux-attachment aux-featured-image attachment-970x715 aux-attachment-id-626  aux-preload aux-blank\" alt=\"dbvideo\" data-ratio=\"1.33\" data-original-w=\"1266\" sizes=\"auto\" data-srcset=\"https:\/\/test.brokolidijital.com.tr\/wp-content\/uploads\/2018\/05\/dbvideo-150x113.png 150w,https:\/\/test.brokolidijital.com.tr\/wp-content\/uploads\/2018\/05\/dbvideo-300x225.png 300w,https:\/\/test.brokolidijital.com.tr\/wp-content\/uploads\/2018\/05\/dbvideo-768x576.png 768w,https:\/\/test.brokolidijital.com.tr\/wp-content\/uploads\/2018\/05\/dbvideo-1024x768.png 1024w,https:\/\/test.brokolidijital.com.tr\/wp-content\/uploads\/2018\/05\/dbvideo-970x728.png 970w,https:\/\/test.brokolidijital.com.tr\/wp-content\/uploads\/2018\/05\/dbvideo-1256x942.png 1256w\" data-src=\"https:\/\/test.brokolidijital.com.tr\/wp-content\/uploads\/2018\/05\/dbvideo-970x728.png\" \/><\/a><\/div><\/div>\n                            \n                            <div class=\"entry-main\">\n                                                        \n                                <header class=\"entry-header\">\n                                \n                                    <h4 class=\"entry-title\">\n                                        <a href=\"https:\/\/test.brokolidijital.com.tr\/en\/streed-food\/\">\n                                            Street food Istanbul Turkiye &#x1f1f9;&#x1f1f7;                                        <\/a>\n                                    <\/h4>\n                                                                    <div class=\"entry-format\">\n                                        <a href=\"https:\/\/test.brokolidijital.com.tr\/en\/streed-food\/\">\n                                            <div class=\"post-format format-\"> <\/div>\n                                        <\/a>\n                                    <\/div>\n                                <\/header>\n                            \n                                                                                        <footer class=\"entry-meta aux-after-content\">\n                                                                        <div class=\"readmore\">\n                                        <a href=\"https:\/\/test.brokolidijital.com.tr\/en\/streed-food\/\" class=\"aux-read-more\"><span class=\"aux-read-more-text\">Read More<\/span><\/a>\n                                    <\/div>\n                                                                    <\/footer>\n                            \n                            <\/div>\n\n                        <\/article>\n<\/div><div class=\"aux-col post-658\">\n                        <article class=\"post column-entry post-658 type-post status-publish format-standard has-post-thumbnail hentry category-uncategorized\">\n                                                        <div class=\"entry-media\"><div class=\"aux-media-frame aux-media-image aux-image-mask\"><a href=\"https:\/\/test.brokolidijital.com.tr\/en\/eksi-sozluk-yorumlari\/\"><img loading=\"lazy\" decoding=\"async\" width=\"970\" height=\"727\" src=\"data:image\/gif;base64,R0lGODlhAQABAIAAAAAAAP\/\/\/yH5BAEAAAAALAAAAAABAAEAAAIBRAA7\" class=\"aux-attachment aux-featured-image attachment-970x727.5 aux-attachment-id-659  aux-preload aux-blank\" alt=\"db.eksi\" data-ratio=\"1.33\" data-original-w=\"1432\" sizes=\"auto\" data-srcset=\"https:\/\/test.brokolidijital.com.tr\/wp-content\/uploads\/2025\/05\/db.eksi_-150x113.png 150w,https:\/\/test.brokolidijital.com.tr\/wp-content\/uploads\/2025\/05\/db.eksi_-300x225.png 300w,https:\/\/test.brokolidijital.com.tr\/wp-content\/uploads\/2025\/05\/db.eksi_-768x576.png 768w,https:\/\/test.brokolidijital.com.tr\/wp-content\/uploads\/2025\/05\/db.eksi_-1024x768.png 1024w,https:\/\/test.brokolidijital.com.tr\/wp-content\/uploads\/2025\/05\/db.eksi_-970x728.png 970w,https:\/\/test.brokolidijital.com.tr\/wp-content\/uploads\/2025\/05\/db.eksi_-1422x1066.png 1422w\" data-src=\"https:\/\/test.brokolidijital.com.tr\/wp-content\/uploads\/2025\/05\/db.eksi_-970x728.png\" \/><\/a><\/div><\/div>\n                            \n                            <div class=\"entry-main\">\n                                                        \n                                <header class=\"entry-header\">\n                                \n                                    <h4 class=\"entry-title\">\n                                        <a href=\"https:\/\/test.brokolidijital.com.tr\/en\/eksi-sozluk-yorumlari\/\">\n                                            D\u00f6nerBank eksisozluk Yorumlar\u0131                                        <\/a>\n                                    <\/h4>\n                                                                    <div class=\"entry-format\">\n                                        <a href=\"https:\/\/test.brokolidijital.com.tr\/en\/eksi-sozluk-yorumlari\/\">\n                                            <div class=\"post-format format-\"> <\/div>\n                                        <\/a>\n                                    <\/div>\n                                <\/header>\n                            \n                                                                                        <footer class=\"entry-meta aux-after-content\">\n                                                                        <div class=\"readmore\">\n                                        <a href=\"https:\/\/test.brokolidijital.com.tr\/en\/eksi-sozluk-yorumlari\/\" class=\"aux-read-more\"><span class=\"aux-read-more-text\">Read More<\/span><\/a>\n                                    <\/div>\n                                                                    <\/footer>\n                            \n                            <\/div>\n\n                        <\/article>\n<\/div><div class=\"aux-col post-666\">\n                        <article class=\"post column-entry post-666 type-post status-publish format-standard has-post-thumbnail hentry category-uncategorized\">\n                                                        <div class=\"entry-media\"><div class=\"aux-media-frame aux-media-image aux-image-mask\"><a href=\"https:\/\/test.brokolidijital.com.tr\/en\/doner-bank-davetsiz-misafir-showturk\/\"><img loading=\"lazy\" decoding=\"async\" width=\"970\" height=\"727\" src=\"data:image\/gif;base64,R0lGODlhAQABAIAAAAAAAP\/\/\/yH5BAEAAAAALAAAAAABAAEAAAIBRAA7\" class=\"aux-attachment aux-featured-image attachment-970x727.5 aux-attachment-id-670  aux-preload aux-blank\" alt=\"DB-DAVETS\u0130Z M\u0130SAF\u0130R\" data-ratio=\"1.33\" data-original-w=\"2560\" sizes=\"auto\" data-srcset=\"https:\/\/test.brokolidijital.com.tr\/wp-content\/uploads\/2025\/05\/DB-DAVETSIZ-MISAFIR-scaled-150x113.png 150w,https:\/\/test.brokolidijital.com.tr\/wp-content\/uploads\/2025\/05\/DB-DAVETSIZ-MISAFIR-scaled-300x225.png 300w,https:\/\/test.brokolidijital.com.tr\/wp-content\/uploads\/2025\/05\/DB-DAVETSIZ-MISAFIR-scaled-768x576.png 768w,https:\/\/test.brokolidijital.com.tr\/wp-content\/uploads\/2025\/05\/DB-DAVETSIZ-MISAFIR-scaled-1024x768.png 1024w,https:\/\/test.brokolidijital.com.tr\/wp-content\/uploads\/2025\/05\/DB-DAVETSIZ-MISAFIR-scaled-970x728.png 970w,https:\/\/test.brokolidijital.com.tr\/wp-content\/uploads\/2025\/05\/DB-DAVETSIZ-MISAFIR-scaled-2550x1912.png 2550w\" data-src=\"https:\/\/test.brokolidijital.com.tr\/wp-content\/uploads\/2025\/05\/DB-DAVETSIZ-MISAFIR-scaled-970x728.png\" \/><\/a><\/div><\/div>\n                            \n                            <div class=\"entry-main\">\n                                                        \n                                <header class=\"entry-header\">\n                                \n                                    <h4 class=\"entry-title\">\n                                        <a href=\"https:\/\/test.brokolidijital.com.tr\/en\/doner-bank-davetsiz-misafir-showturk\/\">\n                                            D\u00f6ner Bank Davetsiz Misafir ShowT\u00fcrk                                        <\/a>\n                                    <\/h4>\n                                                                    <div class=\"entry-format\">\n                                        <a href=\"https:\/\/test.brokolidijital.com.tr\/en\/doner-bank-davetsiz-misafir-showturk\/\">\n                                            <div class=\"post-format format-\"> <\/div>\n                                        <\/a>\n                                    <\/div>\n                                <\/header>\n                            \n                                                                                        <footer class=\"entry-meta aux-after-content\">\n                                                                        <div class=\"readmore\">\n                                        <a href=\"https:\/\/test.brokolidijital.com.tr\/en\/doner-bank-davetsiz-misafir-showturk\/\" class=\"aux-read-more\"><span class=\"aux-read-more-text\">Read More<\/span><\/a>\n                                    <\/div>\n                                                                    <\/footer>\n                            \n                            <\/div>\n\n                        <\/article>\n<\/div><div class=\"aux-col post-676\">\n                        <article class=\"post column-entry post-676 type-post status-publish format-standard has-post-thumbnail hentry category-uncategorized\">\n                                                        <div class=\"entry-media\"><div class=\"aux-media-frame aux-media-image aux-image-mask\"><a href=\"https:\/\/test.brokolidijital.com.tr\/en\/kapalicarsida-doner-bankasi-oldugunu-biliyor-muydunuz\/\"><img loading=\"lazy\" decoding=\"async\" width=\"970\" height=\"727\" src=\"data:image\/gif;base64,R0lGODlhAQABAIAAAAAAAP\/\/\/yH5BAEAAAAALAAAAAABAAEAAAIBRAA7\" class=\"aux-attachment aux-featured-image attachment-970x727.5 aux-attachment-id-677  aux-preload aux-blank\" alt=\"db.kapali\" data-ratio=\"1.33\" data-original-w=\"1003\" sizes=\"auto\" data-srcset=\"https:\/\/test.brokolidijital.com.tr\/wp-content\/uploads\/2025\/05\/db.kapali-150x113.png 150w,https:\/\/test.brokolidijital.com.tr\/wp-content\/uploads\/2025\/05\/db.kapali-300x225.png 300w,https:\/\/test.brokolidijital.com.tr\/wp-content\/uploads\/2025\/05\/db.kapali-768x576.png 768w,https:\/\/test.brokolidijital.com.tr\/wp-content\/uploads\/2025\/05\/db.kapali-970x728.png 970w,https:\/\/test.brokolidijital.com.tr\/wp-content\/uploads\/2025\/05\/db.kapali-993x744.png 993w\" data-src=\"https:\/\/test.brokolidijital.com.tr\/wp-content\/uploads\/2025\/05\/db.kapali-970x728.png\" \/><\/a><\/div><\/div>\n                            \n                            <div class=\"entry-main\">\n                                                        \n                                <header class=\"entry-header\">\n                                \n                                    <h4 class=\"entry-title\">\n                                        <a href=\"https:\/\/test.brokolidijital.com.tr\/en\/kapalicarsida-doner-bankasi-oldugunu-biliyor-muydunuz\/\">\n                                            Kapal\u0131\u00c7ar\u015f\u0131&#8217;da D\u00f6ner Bankas\u0131 Oldu\u011funu Biliyor Muydunuz?                                        <\/a>\n                                    <\/h4>\n                                                                    <div class=\"entry-format\">\n                                        <a href=\"https:\/\/test.brokolidijital.com.tr\/en\/kapalicarsida-doner-bankasi-oldugunu-biliyor-muydunuz\/\">\n                                            <div class=\"post-format format-\"> <\/div>\n                                        <\/a>\n                                    <\/div>\n                                <\/header>\n                            \n                                                                                        <footer class=\"entry-meta aux-after-content\">\n                                                                        <div class=\"readmore\">\n                                        <a href=\"https:\/\/test.brokolidijital.com.tr\/en\/kapalicarsida-doner-bankasi-oldugunu-biliyor-muydunuz\/\" class=\"aux-read-more\"><span class=\"aux-read-more-text\">Read More<\/span><\/a>\n                                    <\/div>\n                                                                    <\/footer>\n                            \n                            <\/div>\n\n                        <\/article>\n<\/div><\/div><\/section><!-- widget-container -->\t\t\t\t<\/div>\n\t\t\t\t<\/div>\n\t\t\t\t<\/div>\n\t\t\t\t\t<\/div>\n\t\t\t\t<\/div>\n\t\t\t\t<\/div>","protected":false},"excerpt":{"rendered":"<p>Kapal\u0131\u00e7ar\u015f\u0131\u2019n\u0131n En Harbi Lezzet Mekanlar\u0131 Read More Tarihi Yar\u0131mada Lezzetleri Read More Street food Istanbul Turkiye &#x1f1f9;&#x1f1f7; Read More D\u00f6nerBank eksisozluk Yorumlar\u0131 Read More D\u00f6ner Bank Davetsiz Misafir ShowT\u00fcrk Read More Kapal\u0131\u00c7ar\u015f\u0131&#8217;da D\u00f6ner Bankas\u0131 Oldu\u011funu Biliyor Muydunuz? Read More<\/p>","protected":false},"author":1,"featured_media":0,"parent":0,"menu_order":0,"comment_status":"closed","ping_status":"closed","template":"","meta":{"footnotes":""},"class_list":["post-241","page","type-page","status-publish","hentry"],"jetpack_sharing_enabled":true,"_links":{"self":[{"href":"https:\/\/test.brokolidijital.com.tr\/en\/wp-json\/wp\/v2\/pages\/241","targetHints":{"allow":["GET"]}}],"collection":[{"href":"https:\/\/test.brokolidijital.com.tr\/en\/wp-json\/wp\/v2\/pages"}],"about":[{"href":"https:\/\/test.brokolidijital.com.tr\/en\/wp-json\/wp\/v2\/types\/page"}],"author":[{"embeddable":true,"href":"https:\/\/test.brokolidijital.com.tr\/en\/wp-json\/wp\/v2\/users\/1"}],"replies":[{"embeddable":true,"href":"https:\/\/test.brokolidijital.com.tr\/en\/wp-json\/wp\/v2\/comments?post=241"}],"version-history":[{"count":8,"href":"https:\/\/test.brokolidijital.com.tr\/en\/wp-json\/wp\/v2\/pages\/241\/revisions"}],"predecessor-version":[{"id":1039,"href":"https:\/\/test.brokolidijital.com.tr\/en\/wp-json\/wp\/v2\/pages\/241\/revisions\/1039"}],"wp:attachment":[{"href":"https:\/\/test.brokolidijital.com.tr\/en\/wp-json\/wp\/v2\/media?parent=241"}],"curies":[{"name":"wp","href":"https:\/\/api.w.org\/{rel}","templated":true}]}}