{"id":247,"date":"2018-08-10T08:09:17","date_gmt":"2018-08-10T05:09:17","guid":{"rendered":"https:\/\/test.brokolidijital.com.tr\/about-page\/"},"modified":"2025-06-10T01:25:57","modified_gmt":"2025-06-09T22:25:57","slug":"hakkimizda","status":"publish","type":"page","link":"https:\/\/test.brokolidijital.com.tr\/ar\/hakkimizda\/","title":{"rendered":"HAKKIMIZDA"},"content":{"rendered":"<div data-elementor-type=\"wp-post\" data-elementor-id=\"247\" class=\"elementor elementor-247\" data-elementor-post-type=\"page\">\n\t\t\t\t<div class=\"aux-parallax-section elementor-element elementor-element-33c2bcb e-flex e-con-boxed e-con e-parent\" data-id=\"33c2bcb\" data-element_type=\"container\" data-settings=\"{&quot;background_background&quot;:&quot;gradient&quot;}\">\n\t\t\t\t\t<div class=\"e-con-inner\">\n\t\t<div class=\"elementor-element elementor-element-c693f9b e-con-full e-flex e-con e-child\" data-id=\"c693f9b\" data-element_type=\"container\">\n\t\t\t\t<div class=\"elementor-element elementor-element-9caa00d aux-appear-watch-animation aux-mask-from-left elementor-widget elementor-widget-aux_modern_heading\" data-id=\"9caa00d\" data-element_type=\"widget\" data-widget_type=\"aux_modern_heading.default\">\n\t\t\t\t<div class=\"elementor-widget-container\">\n\t\t\t\t\t<section class=\"aux-widget-modern-heading\">\n            <div class=\"aux-widget-inner\"><h2 class=\"aux-modern-heading-primary\"><\/h2><h3 class=\"aux-modern-heading-secondary\"><span class=\"aux-head-before\">D\u00f6nerBank<\/span><\/h3><\/div>\n        <\/section>\t\t\t\t<\/div>\n\t\t\t\t<\/div>\n\t\t\t\t<div class=\"elementor-element elementor-element-2a03d8e aux-appear-watch-animation aux-mask-from-left elementor-widget elementor-widget-aux_modern_heading\" data-id=\"2a03d8e\" data-element_type=\"widget\" data-widget_type=\"aux_modern_heading.default\">\n\t\t\t\t<div class=\"elementor-widget-container\">\n\t\t\t\t\t<section class=\"aux-widget-modern-heading\">\n            <div class=\"aux-widget-inner\"><h2 class=\"aux-modern-heading-primary\"><\/h2><h3 class=\"aux-modern-heading-secondary\"><span class=\"aux-head-highlight\">Hakk\u0131m\u0131zda<\/span><\/h3><\/div>\n        <\/section>\t\t\t\t<\/div>\n\t\t\t\t<\/div>\n\t\t\t\t<div class=\"elementor-element elementor-element-acee1de aux-appear-watch-animation aux-fade-in-right elementor-widget elementor-widget-text-editor\" data-id=\"acee1de\" data-element_type=\"widget\" data-widget_type=\"text-editor.default\">\n\t\t\t\t<div class=\"elementor-widget-container\">\n\t\t\t\t\t\t\t\t\t<div class=\"aux-bus2-title-divider\">\u00a0<\/div>\t\t\t\t\t\t\t\t<\/div>\n\t\t\t\t<\/div>\n\t\t\t\t<div class=\"elementor-element elementor-element-e5b65e0 aux-appear-watch-animation aux-fade-in-up elementor-drop-cap-yes elementor-drop-cap-view-default elementor-widget elementor-widget-text-editor\" data-id=\"e5b65e0\" data-element_type=\"widget\" data-settings=\"{&quot;drop_cap&quot;:&quot;yes&quot;}\" data-widget_type=\"text-editor.default\">\n\t\t\t\t<div class=\"elementor-widget-container\">\n\t\t\t\t\t\t\t\t\t<p><b>D\u00d6NERBANK; KAL\u0130TEDE S\u00dcREKL\u0130L\u0130K, G\u00dcVEN, UYGUN F\u0130YAT, D\u0130S\u0130PL\u0130NL\u0130 \u00c7ALI\u015eMA, \u0130\u015e B\u00d6L\u00dcM\u00dc, KURUM K\u00dcLT\u00dcR\u00dc, H\u0130JYEN, SA\u011eLIK KAVRAMLARINI B\u00dcNYES\u0130NDE \u0130\u00c7SELLE\u015eT\u0130RM\u0130\u015eT\u0130R.<\/b>\u00a0<\/p><p>1<span style=\"color: var( --e-global-color-1ab46e5d ); background-color: transparent;\">992 y\u0131l\u0131nda Laleli\u2019de M\u00dcTEVAZ\u0130 sat\u0131\u015f noktas\u0131 ile ba\u015flayan hizmet maceram\u0131z; 1997 y\u0131l\u0131nda Kapal\u0131 \u00c7ar\u015f\u0131\u2019da a\u00e7\u0131lan \u015fubemizle tat olgusunu t\u00fcketiciye sunmu\u015ftur. Gelen talepler do\u011frultusunda 2006 y\u0131l\u0131nda Mercan b\u00f6lgesinde faaliyet g\u00f6steren \u015fubemizle, halk\u0131m\u0131za geleneksel lezzetimizi sunmaya devam ettik.\u00a0<\/span><\/p><p><span style=\"color: var( --e-global-color-1ab46e5d ); background-color: transparent;\">D\u00f6nerbank\u2019\u0131m\u0131z t\u00fcm halk\u0131m\u0131za kendine has olan d\u00f6neri sunma d\u00fc\u015f\u00fcncesiyle modern \u00fcretim tesisini hizmete a\u00e7t\u0131. Kaliteli hammaddeyi modern tesislerimizde temizlik, hijyen ve insan sa\u011fl\u0131\u011f\u0131n\u0131 \u00f6n planda tutarak, e\u011fitimli ve profesyonel kadromuzla g\u00fcvenli ve sistemli bir \u00e7al\u0131\u015fma ile i\u015fleyerek t\u00fcketicinin lezzet olgusuna hitap etmekteyiz. Korudu\u011fumuz istikrarl\u0131 \u00e7izgiyi muhafaza ederek m\u00fc\u015fteri memnuniyetini s\u00fcrekli hale getirme \u00e7izgisinde olmay\u0131 s\u00fcrd\u00fcrmekteyiz.\u00a0<\/span><\/p><p><span style=\"color: var( --e-global-color-1ab46e5d ); background-color: transparent;\">H\u0131zla de\u011fi\u015fen d\u00fcnyam\u0131zda g\u0131da kaynakl\u0131 sa\u011fl\u0131k problemlerinin artmas\u0131 sebebiyle insan sa\u011fl\u0131\u011f\u0131na ve ya\u015fam\u0131na katk\u0131y\u0131 \u00f6n planda tutmaktay\u0131z. Do\u011fal besinlerle beslenen dana ve kuzu etlerini dini hassasiyetlerimize uygun olarak haz\u0131rlay\u0131p uluslararas\u0131 normlara ve T\u00fcrk standartlar\u0131na uygun olarak i\u015flemekteyiz. Uzman G\u0131da M\u00fchendisleri g\u00f6zetiminde kurulu\u015fundan itibaren \u00e7al\u0131\u015fmakta bulunan ekibiyle yasalara ve mevzuata uygun hareket ederek en lezzetli d\u00f6neri haz\u0131rlamaktay\u0131z.\u00a0<\/span><\/p><p><span style=\"color: var( --e-global-color-1ab46e5d ); background-color: transparent;\">\u201cKurumsal M\u00fckemmellik Politikam\u0131z\u201d \u0131\u015f\u0131\u011f\u0131nda \u201c\u00d6nce \u0130nsan Sa\u011fl\u0131\u011f\u0131\u201d yakla\u015f\u0131m\u0131 ile \u00fcr\u00fcn ve hizmetlerimizin, m\u00fc\u015fteri beklentilerini kar\u015f\u0131lamas\u0131; helal, g\u00fcvenli, kaliteli ve lezzetli olmas\u0131n\u0131 sa\u011flamak i\u00e7in: \u00dcretim ve hizmet sunumunun her a\u015famas\u0131nda modern \u00fcretim teknikleri, etkin hijyen uygulamalar\u0131, uygun \u00e7evre ve emniyet \u015fartlar\u0131n\u0131 sa\u011flamay\u0131, \u00dcr\u00fcn ve hizmetlerimizde g\u0131da g\u00fcvenli\u011fi \u015fartlar\u0131n\u0131 dikkate alarak riskleri kayna\u011f\u0131nda \u00f6nlemeyi, Tan\u0131mlanm\u0131\u015f ve \u00f6l\u00e7\u00fclebilir g\u0131da g\u00fcvenlik \u015fartlar\u0131na uygun; fiziksel, kimyasal veya mikrobiyolojik a\u00e7\u0131dan herhangi bir bula\u015fma olmamas\u0131n\u0131, G\u0131da g\u00fcvenli\u011fi ile ilgili konularda; g\u0131da zincirinde yer alan tedarik\u00e7i, m\u00fc\u015fteri ve ilgili birimler aras\u0131nda etkin s\u00fcrd\u00fcr\u00fclebilir bir ileti\u015fim a\u011f\u0131 kurmay\u0131, t\u00fcm \u00fcr\u00fcn ve hizmetlerimizi ulusal ve uluslararas\u0131 g\u0131da g\u00fcvenli\u011fi standartlar\u0131na uygun olarak sa\u011flamay\u0131 ve geli\u015ftirmeyi taahh\u00fct ederiz.<\/span><\/p>\t\t\t\t\t\t\t\t<\/div>\n\t\t\t\t<\/div>\n\t\t\t\t<\/div>\n\t\t<div class=\"elementor-element elementor-element-6dc4719 aux-appear-watch-animation aux-mask-from-left e-con-full e-flex e-con e-child\" data-id=\"6dc4719\" data-element_type=\"container\">\n\t\t\t\t<div class=\"elementor-element elementor-element-5910c0e elementor-widget elementor-widget-aux_image\" data-id=\"5910c0e\" data-element_type=\"widget\" data-widget_type=\"aux_image.default\">\n\t\t\t\t<div class=\"elementor-widget-container\">\n\t\t\t\t\t<section class=\"widget-container aux-widget-image aux-alignnone aux-parent-au97a4c128\">\n    <div class=\"aux-media-hint-frame\">\n        <div class=\"aux-media-image\" >\n        \n            \n\n            \n            <img fetchpriority=\"high\" decoding=\"async\" width=\"858\" height=\"632\" src=\"data:image\/gif;base64,R0lGODlhAQABAIAAAAAAAP\/\/\/yH5BAEAAAAALAAAAAABAAEAAAIBRAA7\" class=\"aux-attachment aux-featured-image aux-attachment-id-372 aux-preload aux-blank\" alt=\"db\" data-ratio=\"1.36\" data-original-w=\"1536\" sizes=\"auto\" data-srcset=\"https:\/\/test.brokolidijital.com.tr\/wp-content\/uploads\/2025\/05\/db-150x110.jpg 150w,https:\/\/test.brokolidijital.com.tr\/wp-content\/uploads\/2025\/05\/db-300x221.jpg 300w,https:\/\/test.brokolidijital.com.tr\/wp-content\/uploads\/2025\/05\/db-768x566.jpg 768w,https:\/\/test.brokolidijital.com.tr\/wp-content\/uploads\/2025\/05\/db-1024x754.jpg 1024w,https:\/\/test.brokolidijital.com.tr\/wp-content\/uploads\/2025\/05\/db-858x632.jpg 858w\" data-src=\"https:\/\/test.brokolidijital.com.tr\/wp-content\/uploads\/2025\/05\/db-858x632.jpg\" \/>            \n                <\/div>\n    <\/div>\n\n<\/section><!-- widget-container -->\t\t\t\t<\/div>\n\t\t\t\t<\/div>\n\t\t\t\t<\/div>\n\t\t\t\t\t<\/div>\n\t\t\t\t<\/div>\n\t\t<div class=\"aux-parallax-section elementor-element elementor-element-07f520b e-flex e-con-boxed e-con e-parent\" data-id=\"07f520b\" data-element_type=\"container\" data-settings=\"{&quot;background_background&quot;:&quot;classic&quot;}\">\n\t\t\t\t\t<div class=\"e-con-inner\">\n\t\t<div class=\"elementor-element elementor-element-1654dd0 e-con-full e-flex e-con e-child\" data-id=\"1654dd0\" data-element_type=\"container\">\n\t\t\t\t<div class=\"elementor-element elementor-element-f8c705d aux-appear-watch-animation aux-fade-in-up elementor-widget elementor-widget-aux_modern_heading\" data-id=\"f8c705d\" data-element_type=\"widget\" data-widget_type=\"aux_modern_heading.default\">\n\t\t\t\t<div class=\"elementor-widget-container\">\n\t\t\t\t\t<section class=\"aux-widget-modern-heading\">\n            <div class=\"aux-widget-inner\"><h6 class=\"aux-modern-heading-primary\"><\/h6><h3 class=\"aux-modern-heading-secondary\"><span class=\"aux-head-before\">Misyonumuz<\/span><\/h3><\/div>\n        <\/section>\t\t\t\t<\/div>\n\t\t\t\t<\/div>\n\t\t\t\t<div class=\"elementor-element elementor-element-dd13212 elementor-widget elementor-widget-heading\" data-id=\"dd13212\" data-element_type=\"widget\" data-widget_type=\"heading.default\">\n\t\t\t\t<div class=\"elementor-widget-container\">\n\t\t\t\t\t<h2 class=\"elementor-heading-title elementor-size-default\">Kalitede s\u00fcreklilik, g\u00fcven, uygun fiyat, disiplinli \u00e7al\u0131\u015fma, i\u015f b\u00f6l\u00fcm\u00fc, kurum k\u00fclt\u00fcr\u00fc, hijyen, sa\u011fl\u0131k kavramlar\u0131n\u0131 b\u00fcnyesinde i\u00e7selle\u015ftirmek.<\/h2>\t\t\t\t<\/div>\n\t\t\t\t<\/div>\n\t\t\t\t<div class=\"elementor-element elementor-element-c417fa5 aux-appear-watch-animation aux-fade-in-right elementor-widget elementor-widget-text-editor\" data-id=\"c417fa5\" data-element_type=\"widget\" data-widget_type=\"text-editor.default\">\n\t\t\t\t<div class=\"elementor-widget-container\">\n\t\t\t\t\t\t\t\t\t<div class=\"aux-bus2-title-divider\">\u00a0<\/div>\t\t\t\t\t\t\t\t<\/div>\n\t\t\t\t<\/div>\n\t\t\t\t<div class=\"elementor-element elementor-element-ee2df58 aux-appear-watch-animation aux-fade-in-up elementor-widget elementor-widget-aux_modern_heading\" data-id=\"ee2df58\" data-element_type=\"widget\" data-widget_type=\"aux_modern_heading.default\">\n\t\t\t\t<div class=\"elementor-widget-container\">\n\t\t\t\t\t<section class=\"aux-widget-modern-heading\">\n            <div class=\"aux-widget-inner\"><h6 class=\"aux-modern-heading-primary\"><\/h6><h3 class=\"aux-modern-heading-secondary\"><span class=\"aux-head-before\">Vizyonumuz<\/span><\/h3><\/div>\n        <\/section>\t\t\t\t<\/div>\n\t\t\t\t<\/div>\n\t\t\t\t<div class=\"elementor-element elementor-element-54690a6 elementor-widget elementor-widget-heading\" data-id=\"54690a6\" data-element_type=\"widget\" data-widget_type=\"heading.default\">\n\t\t\t\t<div class=\"elementor-widget-container\">\n\t\t\t\t\t<h2 class=\"elementor-heading-title elementor-size-default\">1992'den beri b\u00fcnyesinde bar\u0131nd\u0131rd\u0131\u011f\u0131 lezzetli ve kaliteli \u00fcr\u00fcnleri T\u00fcrkiye\u2019nin her b\u00f6lgesine ula\u015ft\u0131rmak ve \u00fclkemizin en b\u00fcy\u00fck d\u00f6ner tedarik\u00e7isi olmak.<\/h2>\t\t\t\t<\/div>\n\t\t\t\t<\/div>\n\t\t\t\t<div class=\"elementor-element elementor-element-c82e2fe aux-appear-watch-animation aux-fade-in-right elementor-widget elementor-widget-text-editor\" data-id=\"c82e2fe\" data-element_type=\"widget\" data-widget_type=\"text-editor.default\">\n\t\t\t\t<div class=\"elementor-widget-container\">\n\t\t\t\t\t\t\t\t\t<div class=\"aux-bus2-title-divider\">\u00a0<\/div>\t\t\t\t\t\t\t\t<\/div>\n\t\t\t\t<\/div>\n\t\t\t\t<div class=\"elementor-element elementor-element-570b498 aux-appear-watch-animation aux-fade-in-up elementor-widget elementor-widget-aux_modern_heading\" data-id=\"570b498\" data-element_type=\"widget\" data-widget_type=\"aux_modern_heading.default\">\n\t\t\t\t<div class=\"elementor-widget-container\">\n\t\t\t\t\t<section class=\"aux-widget-modern-heading\">\n            <div class=\"aux-widget-inner\"><h6 class=\"aux-modern-heading-primary\"><\/h6><h3 class=\"aux-modern-heading-secondary\"><span class=\"aux-head-before\">Belgelerimiz<\/span><\/h3><\/div>\n        <\/section>\t\t\t\t<\/div>\n\t\t\t\t<\/div>\n\t\t<div class=\"elementor-element elementor-element-5e2d763 e-grid e-con-full e-con e-child\" data-id=\"5e2d763\" data-element_type=\"container\">\n\t\t\t\t<div class=\"elementor-element elementor-element-1e27c57 elementor-widget elementor-widget-image\" data-id=\"1e27c57\" data-element_type=\"widget\" data-settings=\"{&quot;motion_fx_motion_fx_scrolling&quot;:&quot;yes&quot;,&quot;motion_fx_devices&quot;:[&quot;desktop&quot;,&quot;tablet&quot;,&quot;mobile&quot;]}\" data-widget_type=\"image.default\">\n\t\t\t\t<div class=\"elementor-widget-container\">\n\t\t\t\t\t\t\t\t\t\t\t\t\t\t\t\t<a href=\"https:\/\/test.brokolidijital.com.tr\/wp-content\/uploads\/2025\/05\/belge-1.avif\" data-elementor-open-lightbox=\"yes\" data-elementor-lightbox-title=\"belge (1)\" data-e-action-hash=\"#elementor-action%3Aaction%3Dlightbox%26settings%3DeyJpZCI6NjkwLCJ1cmwiOiJodHRwczpcL1wvdGVzdC5icm9rb2xpZGlqaXRhbC5jb20udHJcL3dwLWNvbnRlbnRcL3VwbG9hZHNcLzIwMjVcLzA1XC9iZWxnZS0xLmF2aWYifQ%3D%3D\">\n\t\t\t\t\t\t\t<img decoding=\"async\" src=\"https:\/\/test.brokolidijital.com.tr\/wp-content\/uploads\/2025\/05\/belge-1.avif\" title=\"belge (1)\" alt=\"belge (1)\" loading=\"lazy\" \/>\t\t\t\t\t\t\t\t<\/a>\n\t\t\t\t\t\t\t\t\t\t\t\t\t\t\t<\/div>\n\t\t\t\t<\/div>\n\t\t\t\t<div class=\"elementor-element elementor-element-96ad14f elementor-widget elementor-widget-image\" data-id=\"96ad14f\" data-element_type=\"widget\" data-widget_type=\"image.default\">\n\t\t\t\t<div class=\"elementor-widget-container\">\n\t\t\t\t\t\t\t\t\t\t\t\t\t\t\t\t<a href=\"https:\/\/test.brokolidijital.com.tr\/wp-content\/uploads\/2025\/05\/belge-2.avif\" data-elementor-open-lightbox=\"yes\" data-elementor-lightbox-title=\"belge 2\" data-e-action-hash=\"#elementor-action%3Aaction%3Dlightbox%26settings%3DeyJpZCI6Njg4LCJ1cmwiOiJodHRwczpcL1wvdGVzdC5icm9rb2xpZGlqaXRhbC5jb20udHJcL3dwLWNvbnRlbnRcL3VwbG9hZHNcLzIwMjVcLzA1XC9iZWxnZS0yLmF2aWYifQ%3D%3D\">\n\t\t\t\t\t\t\t<img decoding=\"async\" src=\"https:\/\/test.brokolidijital.com.tr\/wp-content\/uploads\/2025\/05\/belge-2.avif\" title=\"belge 2\" alt=\"belge 2\" loading=\"lazy\" \/>\t\t\t\t\t\t\t\t<\/a>\n\t\t\t\t\t\t\t\t\t\t\t\t\t\t\t<\/div>\n\t\t\t\t<\/div>\n\t\t\t\t<div class=\"elementor-element elementor-element-00a2886 elementor-widget elementor-widget-image\" data-id=\"00a2886\" data-element_type=\"widget\" data-widget_type=\"image.default\">\n\t\t\t\t<div class=\"elementor-widget-container\">\n\t\t\t\t\t\t\t\t\t\t\t\t\t\t\t\t<a href=\"https:\/\/test.brokolidijital.com.tr\/wp-content\/uploads\/2025\/05\/belge-2-1.avif\" data-elementor-open-lightbox=\"yes\" data-elementor-lightbox-title=\"belge (2)\" data-e-action-hash=\"#elementor-action%3Aaction%3Dlightbox%26settings%3DeyJpZCI6Njk0LCJ1cmwiOiJodHRwczpcL1wvdGVzdC5icm9rb2xpZGlqaXRhbC5jb20udHJcL3dwLWNvbnRlbnRcL3VwbG9hZHNcLzIwMjVcLzA1XC9iZWxnZS0yLTEuYXZpZiJ9\">\n\t\t\t\t\t\t\t<img decoding=\"async\" width=\"551\" height=\"779\" src=\"https:\/\/test.brokolidijital.com.tr\/wp-content\/uploads\/2025\/05\/belge-2-1.avif\" class=\"attachment-large size-large wp-image-694\" alt=\"\" srcset=\"https:\/\/test.brokolidijital.com.tr\/wp-content\/uploads\/2025\/05\/belge-2-1.avif 551w, https:\/\/test.brokolidijital.com.tr\/wp-content\/uploads\/2025\/05\/belge-2-1-200x283.avif 200w\" sizes=\"(max-width: 551px) 100vw, 551px\" \/>\t\t\t\t\t\t\t\t<\/a>\n\t\t\t\t\t\t\t\t\t\t\t\t\t\t\t<\/div>\n\t\t\t\t<\/div>\n\t\t\t\t<div class=\"elementor-element elementor-element-af914d8 elementor-widget elementor-widget-image\" data-id=\"af914d8\" data-element_type=\"widget\" data-widget_type=\"image.default\">\n\t\t\t\t<div class=\"elementor-widget-container\">\n\t\t\t\t\t\t\t\t\t\t\t\t\t\t\t\t<a href=\"https:\/\/test.brokolidijital.com.tr\/wp-content\/uploads\/2025\/05\/belge-3.avif\" data-elementor-open-lightbox=\"yes\" data-elementor-lightbox-title=\"belge (3)\" data-e-action-hash=\"#elementor-action%3Aaction%3Dlightbox%26settings%3DeyJpZCI6Njk1LCJ1cmwiOiJodHRwczpcL1wvdGVzdC5icm9rb2xpZGlqaXRhbC5jb20udHJcL3dwLWNvbnRlbnRcL3VwbG9hZHNcLzIwMjVcLzA1XC9iZWxnZS0zLmF2aWYifQ%3D%3D\">\n\t\t\t\t\t\t\t<img decoding=\"async\" width=\"567\" height=\"779\" src=\"https:\/\/test.brokolidijital.com.tr\/wp-content\/uploads\/2025\/05\/belge-3.avif\" class=\"attachment-large size-large wp-image-695\" alt=\"\" srcset=\"https:\/\/test.brokolidijital.com.tr\/wp-content\/uploads\/2025\/05\/belge-3.avif 567w, https:\/\/test.brokolidijital.com.tr\/wp-content\/uploads\/2025\/05\/belge-3-200x275.avif 200w\" sizes=\"(max-width: 567px) 100vw, 567px\" \/>\t\t\t\t\t\t\t\t<\/a>\n\t\t\t\t\t\t\t\t\t\t\t\t\t\t\t<\/div>\n\t\t\t\t<\/div>\n\t\t\t\t<div class=\"elementor-element elementor-element-0969ac7 elementor-widget elementor-widget-image\" data-id=\"0969ac7\" data-element_type=\"widget\" data-widget_type=\"image.default\">\n\t\t\t\t<div class=\"elementor-widget-container\">\n\t\t\t\t\t\t\t\t\t\t\t\t\t\t\t\t<a href=\"https:\/\/test.brokolidijital.com.tr\/wp-content\/uploads\/2025\/05\/belge-4.avif\" data-elementor-open-lightbox=\"yes\" data-elementor-lightbox-title=\"belge (4)\" data-e-action-hash=\"#elementor-action%3Aaction%3Dlightbox%26settings%3DeyJpZCI6Njk2LCJ1cmwiOiJodHRwczpcL1wvdGVzdC5icm9rb2xpZGlqaXRhbC5jb20udHJcL3dwLWNvbnRlbnRcL3VwbG9hZHNcLzIwMjVcLzA1XC9iZWxnZS00LmF2aWYifQ%3D%3D\">\n\t\t\t\t\t\t\t<img loading=\"lazy\" decoding=\"async\" width=\"551\" height=\"779\" src=\"https:\/\/test.brokolidijital.com.tr\/wp-content\/uploads\/2025\/05\/belge-4.avif\" class=\"attachment-large size-large wp-image-696\" alt=\"\" srcset=\"https:\/\/test.brokolidijital.com.tr\/wp-content\/uploads\/2025\/05\/belge-4.avif 551w, https:\/\/test.brokolidijital.com.tr\/wp-content\/uploads\/2025\/05\/belge-4-200x283.avif 200w\" sizes=\"(max-width: 551px) 100vw, 551px\" \/>\t\t\t\t\t\t\t\t<\/a>\n\t\t\t\t\t\t\t\t\t\t\t\t\t\t\t<\/div>\n\t\t\t\t<\/div>\n\t\t\t\t<div class=\"elementor-element elementor-element-3297d6b elementor-widget elementor-widget-image\" data-id=\"3297d6b\" data-element_type=\"widget\" data-widget_type=\"image.default\">\n\t\t\t\t<div class=\"elementor-widget-container\">\n\t\t\t\t\t\t\t\t\t\t\t\t\t\t\t\t<a href=\"https:\/\/test.brokolidijital.com.tr\/wp-content\/uploads\/2025\/05\/belge-5.avif\" data-elementor-open-lightbox=\"yes\" data-elementor-lightbox-title=\"belge (5)\" data-e-action-hash=\"#elementor-action%3Aaction%3Dlightbox%26settings%3DeyJpZCI6Njk3LCJ1cmwiOiJodHRwczpcL1wvdGVzdC5icm9rb2xpZGlqaXRhbC5jb20udHJcL3dwLWNvbnRlbnRcL3VwbG9hZHNcLzIwMjVcLzA1XC9iZWxnZS01LmF2aWYifQ%3D%3D\">\n\t\t\t\t\t\t\t<img loading=\"lazy\" decoding=\"async\" width=\"551\" height=\"779\" src=\"https:\/\/test.brokolidijital.com.tr\/wp-content\/uploads\/2025\/05\/belge-5.avif\" class=\"attachment-large size-large wp-image-697\" alt=\"\" srcset=\"https:\/\/test.brokolidijital.com.tr\/wp-content\/uploads\/2025\/05\/belge-5.avif 551w, https:\/\/test.brokolidijital.com.tr\/wp-content\/uploads\/2025\/05\/belge-5-200x283.avif 200w\" sizes=\"(max-width: 551px) 100vw, 551px\" \/>\t\t\t\t\t\t\t\t<\/a>\n\t\t\t\t\t\t\t\t\t\t\t\t\t\t\t<\/div>\n\t\t\t\t<\/div>\n\t\t\t\t<div class=\"elementor-element elementor-element-1a86ed8 elementor-widget elementor-widget-image\" data-id=\"1a86ed8\" data-element_type=\"widget\" data-widget_type=\"image.default\">\n\t\t\t\t<div class=\"elementor-widget-container\">\n\t\t\t\t\t\t\t\t\t\t\t\t\t\t\t\t<a href=\"https:\/\/test.brokolidijital.com.tr\/wp-content\/uploads\/2025\/05\/belge-9.avif\" data-elementor-open-lightbox=\"yes\" data-elementor-lightbox-title=\"belge (9)\" data-e-action-hash=\"#elementor-action%3Aaction%3Dlightbox%26settings%3DeyJpZCI6NzAzLCJ1cmwiOiJodHRwczpcL1wvdGVzdC5icm9rb2xpZGlqaXRhbC5jb20udHJcL3dwLWNvbnRlbnRcL3VwbG9hZHNcLzIwMjVcLzA1XC9iZWxnZS05LmF2aWYifQ%3D%3D\">\n\t\t\t\t\t\t\t<img decoding=\"async\" src=\"https:\/\/test.brokolidijital.com.tr\/wp-content\/uploads\/2025\/05\/belge-9.avif\" title=\"belge (9)\" alt=\"belge (9)\" loading=\"lazy\" \/>\t\t\t\t\t\t\t\t<\/a>\n\t\t\t\t\t\t\t\t\t\t\t\t\t\t\t<\/div>\n\t\t\t\t<\/div>\n\t\t\t\t<div class=\"elementor-element elementor-element-594e2ff elementor-widget elementor-widget-image\" data-id=\"594e2ff\" data-element_type=\"widget\" data-widget_type=\"image.default\">\n\t\t\t\t<div class=\"elementor-widget-container\">\n\t\t\t\t\t\t\t\t\t\t\t\t\t\t\t\t<a href=\"https:\/\/test.brokolidijital.com.tr\/wp-content\/uploads\/2025\/05\/belge-6.avif\" data-elementor-open-lightbox=\"yes\" data-elementor-lightbox-title=\"belge (6)\" data-e-action-hash=\"#elementor-action%3Aaction%3Dlightbox%26settings%3DeyJpZCI6NzAyLCJ1cmwiOiJodHRwczpcL1wvdGVzdC5icm9rb2xpZGlqaXRhbC5jb20udHJcL3dwLWNvbnRlbnRcL3VwbG9hZHNcLzIwMjVcLzA1XC9iZWxnZS02LmF2aWYifQ%3D%3D\">\n\t\t\t\t\t\t\t<img decoding=\"async\" src=\"https:\/\/test.brokolidijital.com.tr\/wp-content\/uploads\/2025\/05\/belge-6.avif\" title=\"belge (6)\" alt=\"belge (6)\" loading=\"lazy\" \/>\t\t\t\t\t\t\t\t<\/a>\n\t\t\t\t\t\t\t\t\t\t\t\t\t\t\t<\/div>\n\t\t\t\t<\/div>\n\t\t\t\t<div class=\"elementor-element elementor-element-dbebfa1 elementor-widget elementor-widget-image\" data-id=\"dbebfa1\" data-element_type=\"widget\" data-widget_type=\"image.default\">\n\t\t\t\t<div class=\"elementor-widget-container\">\n\t\t\t\t\t\t\t\t\t\t\t\t\t\t\t\t<a href=\"https:\/\/test.brokolidijital.com.tr\/wp-content\/uploads\/2025\/05\/belge-8.avif\" data-elementor-open-lightbox=\"yes\" data-elementor-lightbox-title=\"belge (8)\" data-e-action-hash=\"#elementor-action%3Aaction%3Dlightbox%26settings%3DeyJpZCI6NzIwLCJ1cmwiOiJodHRwczpcL1wvdGVzdC5icm9rb2xpZGlqaXRhbC5jb20udHJcL3dwLWNvbnRlbnRcL3VwbG9hZHNcLzIwMjVcLzA1XC9iZWxnZS04LmF2aWYifQ%3D%3D\">\n\t\t\t\t\t\t\t<img loading=\"lazy\" decoding=\"async\" width=\"566\" height=\"779\" src=\"https:\/\/test.brokolidijital.com.tr\/wp-content\/uploads\/2025\/05\/belge-8.avif\" class=\"attachment-large size-large wp-image-720\" alt=\"\" srcset=\"https:\/\/test.brokolidijital.com.tr\/wp-content\/uploads\/2025\/05\/belge-8.avif 566w, https:\/\/test.brokolidijital.com.tr\/wp-content\/uploads\/2025\/05\/belge-8-200x275.avif 200w\" sizes=\"(max-width: 566px) 100vw, 566px\" \/>\t\t\t\t\t\t\t\t<\/a>\n\t\t\t\t\t\t\t\t\t\t\t\t\t\t\t<\/div>\n\t\t\t\t<\/div>\n\t\t\t\t<\/div>\n\t\t\t\t<\/div>\n\t\t\t\t\t<\/div>\n\t\t\t\t<\/div>\n\t\t<div class=\"aux-parallax-section elementor-element elementor-element-9ae5201 e-flex e-con-boxed e-con e-parent\" data-id=\"9ae5201\" data-element_type=\"container\">\n\t\t\t\t\t<div class=\"e-con-inner\">\n\t\t\t\t\t<\/div>\n\t\t\t\t<\/div>\n\t\t\t\t<\/div>","protected":false},"excerpt":{"rendered":"<p>D\u00f6nerBank Hakk\u0131m\u0131zda \u00a0 D\u00d6NERBANK; KAL\u0130TEDE S\u00dcREKL\u0130L\u0130K, G\u00dcVEN, UYGUN F\u0130YAT, D\u0130S\u0130PL\u0130NL\u0130 \u00c7ALI\u015eMA, \u0130\u015e B\u00d6L\u00dcM\u00dc, KURUM K\u00dcLT\u00dcR\u00dc, H\u0130JYEN, SA\u011eLIK KAVRAMLARINI B\u00dcNYES\u0130NDE \u0130\u00c7SELLE\u015eT\u0130RM\u0130\u015eT\u0130R.\u00a0 1992 y\u0131l\u0131nda Laleli\u2019de M\u00dcTEVAZ\u0130 sat\u0131\u015f noktas\u0131 ile ba\u015flayan hizmet maceram\u0131z; 1997 y\u0131l\u0131nda Kapal\u0131 \u00c7ar\u015f\u0131\u2019da a\u00e7\u0131lan \u015fubemizle tat olgusunu t\u00fcketiciye sunmu\u015ftur. Gelen talepler do\u011frultusunda 2006 y\u0131l\u0131nda Mercan b\u00f6lgesinde faaliyet g\u00f6steren \u015fubemizle, halk\u0131m\u0131za geleneksel lezzetimizi sunmaya devam [&hellip;]<\/p>","protected":false},"author":1,"featured_media":0,"parent":0,"menu_order":0,"comment_status":"closed","ping_status":"closed","template":"","meta":{"footnotes":""},"class_list":["post-247","page","type-page","status-publish","hentry"],"jetpack_sharing_enabled":true,"_links":{"self":[{"href":"https:\/\/test.brokolidijital.com.tr\/ar\/wp-json\/wp\/v2\/pages\/247","targetHints":{"allow":["GET"]}}],"collection":[{"href":"https:\/\/test.brokolidijital.com.tr\/ar\/wp-json\/wp\/v2\/pages"}],"about":[{"href":"https:\/\/test.brokolidijital.com.tr\/ar\/wp-json\/wp\/v2\/types\/page"}],"author":[{"embeddable":true,"href":"https:\/\/test.brokolidijital.com.tr\/ar\/wp-json\/wp\/v2\/users\/1"}],"replies":[{"embeddable":true,"href":"https:\/\/test.brokolidijital.com.tr\/ar\/wp-json\/wp\/v2\/comments?post=247"}],"version-history":[{"count":97,"href":"https:\/\/test.brokolidijital.com.tr\/ar\/wp-json\/wp\/v2\/pages\/247\/revisions"}],"predecessor-version":[{"id":1105,"href":"https:\/\/test.brokolidijital.com.tr\/ar\/wp-json\/wp\/v2\/pages\/247\/revisions\/1105"}],"wp:attachment":[{"href":"https:\/\/test.brokolidijital.com.tr\/ar\/wp-json\/wp\/v2\/media?parent=247"}],"curies":[{"name":"wp","href":"https:\/\/api.w.org\/{rel}","templated":true}]}}